{"id":104,"date":"2016-01-07T02:05:19","date_gmt":"2016-01-07T01:05:19","guid":{"rendered":"http:\/\/www.bastiencrocq.com\/site\/?page_id=104"},"modified":"2024-03-21T22:18:58","modified_gmt":"2024-03-21T21:18:58","slug":"piano","status":"publish","type":"page","link":"http:\/\/www.bastiencrocq.com\/site\/piano\/","title":{"rendered":"PIANO"},"content":{"rendered":"<p>[et_pb_section admin_label=\u00a0\u00bbsection\u00a0\u00bb background_image=\u00a0\u00bbhttp:\/\/www.bastiencrocq.com\/site\/wp-content\/uploads\/2016\/01\/piano_fd.jpg\u00a0\u00bb transparent_background=\u00a0\u00bboff\u00a0\u00bb allow_player_pause=\u00a0\u00bboff\u00a0\u00bb inner_shadow=\u00a0\u00bboff\u00a0\u00bb parallax=\u00a0\u00bbon\u00a0\u00bb parallax_method=\u00a0\u00bbon\u00a0\u00bb padding_mobile=\u00a0\u00bboff\u00a0\u00bb make_fullwidth=\u00a0\u00bboff\u00a0\u00bb use_custom_width=\u00a0\u00bboff\u00a0\u00bb width_unit=\u00a0\u00bbon\u00a0\u00bb make_equal=\u00a0\u00bboff\u00a0\u00bb use_custom_gutter=\u00a0\u00bboff\u00a0\u00bb gutter_width=\u00a0\u00bb3&Prime;][et_pb_row admin_label=\u00a0\u00bbLigne\u00a0\u00bb][et_pb_column type=\u00a0\u00bb4_4&Prime;][et_pb_text admin_label=\u00a0\u00bbTexte d&rsquo;introduction\u00a0\u00bb background_layout=\u00a0\u00bbdark\u00a0\u00bb text_orientation=\u00a0\u00bbjustified\u00a0\u00bb text_font_size=\u00a0\u00bb14&Prime; use_border_color=\u00a0\u00bboff\u00a0\u00bb border_color=\u00a0\u00bb#ffffff\u00a0\u00bb border_style=\u00a0\u00bbsolid\u00a0\u00bb background_color=\u00a0\u00bbrgba(0,0,0,0)\u00a0\u00bb]<\/p>\n<p>Issu d&rsquo;une famille de musiciens, Bastien Crocq na\u00eet immerg\u00e9 dans le monde de la musique classique. Premier prix de piano et de musique de chambre de la Ville de Paris \u00e0 16 ans, \u00e9l\u00e8ve d&rsquo;Olivier Gardon au Conservatoire Sup\u00e9rieur de Paris, il d\u00e9couvre l&rsquo;enseignement de Monique Deschauss\u00e9es, disciple d&rsquo;Alfred Cortot et d&rsquo;Edwin Fischer, et se perfectionne \u00e0 ses c\u00f4t\u00e9s.<\/p>\n<p>Il donne des r\u00e9citals en France et \u00e0 l&rsquo;\u00e9tranger, en expliquant volontiers sa conception des oeuvres qu&rsquo;il interpr\u00e8te.<\/p>\n<p>[\/et_pb_text][et_pb_divider admin_label=\u00a0\u00bbS\u00e9parateur\u00a0\u00bb color=\u00a0\u00bb#ffffff\u00a0\u00bb show_divider=\u00a0\u00bboff\u00a0\u00bb height=\u00a0\u00bb50&Prime; divider_style=\u00a0\u00bbsolid\u00a0\u00bb divider_position=\u00a0\u00bbtop\u00a0\u00bb divider_weight=\u00a0\u00bb1&Prime; hide_on_mobile=\u00a0\u00bbon\u00a0\u00bb] [\/et_pb_divider][\/et_pb_column][\/et_pb_row][et_pb_row admin_label=\u00a0\u00bbLigne\u00a0\u00bb][et_pb_column type=\u00a0\u00bb1_2&Prime;][et_pb_text admin_label=\u00a0\u00bbAUDIO titre\u00a0\u00bb background_layout=\u00a0\u00bbdark\u00a0\u00bb text_orientation=\u00a0\u00bbleft\u00a0\u00bb text_font_size=\u00a0\u00bb14&Prime; use_border_color=\u00a0\u00bboff\u00a0\u00bb border_color=\u00a0\u00bb#ffffff\u00a0\u00bb border_style=\u00a0\u00bbsolid\u00a0\u00bb module_class=\u00a0\u00bbgd_titre\u00a0\u00bb]<\/p>\n<p><span style=\"color: #ffb400;\">AUDIO<\/span><\/p>\n<p>[\/et_pb_text][et_pb_text admin_label=\u00a0\u00bbAUDIO playlist\u00a0\u00bb background_layout=\u00a0\u00bbdark\u00a0\u00bb text_orientation=\u00a0\u00bbleft\u00a0\u00bb text_font_size=\u00a0\u00bb14&Prime; use_border_color=\u00a0\u00bbon\u00a0\u00bb border_color=\u00a0\u00bb#ffb400&Prime; border_style=\u00a0\u00bbsolid\u00a0\u00bb background_color=\u00a0\u00bb#000000&Prime;]<\/p>\n<!--[if lt IE 9]><script>document.createElement('audio');<\/script><![endif]-->\n\t<div class=\"wp-playlist wp-audio-playlist wp-playlist-light\">\n\t\t\t<div class=\"wp-playlist-current-item\"><\/div>\n\t\t<audio controls=\"controls\" preload=\"none\" width=\"1058\"\n\t\t\t><\/audio>\n\t<div class=\"wp-playlist-next\"><\/div>\n\t<div class=\"wp-playlist-prev\"><\/div>\n\t<noscript>\n\t<ol>\n\t\t<li><a href='http:\/\/www.bastiencrocq.com\/site\/wp-content\/uploads\/2016\/01\/04-Piste-04.mp3'>Fr\u00e9d\u00e9ric Chopin - Barcarolle<\/a><\/li><li><a href='http:\/\/www.bastiencrocq.com\/site\/wp-content\/uploads\/2016\/01\/1etuden6.mp3'>Fr\u00e9d\u00e9ric Chopin - Etude n\u00b06 Op.25<\/a><\/li><li><a href='http:\/\/www.bastiencrocq.com\/site\/wp-content\/uploads\/2016\/01\/2etuden7.mp3'>Fr\u00e9d\u00e9ric Chopin - Etude n\u00b07 Op.25  Th\u00e9\u00e2tre du Ranelagh, Paris, novembre 2004<\/a><\/li><li><a href='http:\/\/www.bastiencrocq.com\/site\/wp-content\/uploads\/2016\/01\/5impromptu.mp3'>Franz Schubert - Impromptu n\u00b03 Op.142<\/a><\/li><li><a href='http:\/\/www.bastiencrocq.com\/site\/wp-content\/uploads\/2016\/01\/02-Piste-02.mp3'>Johannes Brahms - Sonate op 5 Allegro Maestoso, Th\u00e9\u00e2tre de l'Archipel, Paris, avril 2010<\/a><\/li><li><a href='http:\/\/www.bastiencrocq.com\/site\/wp-content\/uploads\/2016\/01\/4cloches.mp3'>Claude Debussy - Cloches \u00e0 travers les feuilles  Salle de la terrasse, Gif-sur-Yvette, novembre 2001<\/a><\/li>\t<\/ol>\n\t<\/noscript>\n\t<script type=\"application\/json\" class=\"wp-playlist-script\">{\"type\":\"audio\",\"tracklist\":true,\"tracknumbers\":true,\"images\":false,\"artists\":true,\"tracks\":[{\"src\":\"http:\\\/\\\/www.bastiencrocq.com\\\/site\\\/wp-content\\\/uploads\\\/2016\\\/01\\\/04-Piste-04.mp3\",\"type\":\"audio\\\/mpeg\",\"title\":\"Fr\\u00e9d\\u00e9ric Chopin - Barcarolle\",\"caption\":\"\",\"description\":\"<i>Piste 04<\\\/i>. Piste 4 sur 5.\",\"meta\":{\"length_formatted\":\"8:21\"},\"image\":{\"src\":\"http:\\\/\\\/www.bastiencrocq.com\\\/site\\\/wp-includes\\\/images\\\/media\\\/audio.svg\",\"width\":48,\"height\":64},\"thumb\":{\"src\":\"http:\\\/\\\/www.bastiencrocq.com\\\/site\\\/wp-includes\\\/images\\\/media\\\/audio.svg\",\"width\":48,\"height\":64}},{\"src\":\"http:\\\/\\\/www.bastiencrocq.com\\\/site\\\/wp-content\\\/uploads\\\/2016\\\/01\\\/1etuden6.mp3\",\"type\":\"audio\\\/mpeg\",\"title\":\"Fr\\u00e9d\\u00e9ric Chopin - Etude n\\u00b06 Op.25\",\"caption\":\"\",\"description\":\"<i>1etuden6<\\\/i>.\",\"meta\":{\"length_formatted\":\"2:23\"},\"image\":{\"src\":\"http:\\\/\\\/www.bastiencrocq.com\\\/site\\\/wp-includes\\\/images\\\/media\\\/audio.svg\",\"width\":48,\"height\":64},\"thumb\":{\"src\":\"http:\\\/\\\/www.bastiencrocq.com\\\/site\\\/wp-includes\\\/images\\\/media\\\/audio.svg\",\"width\":48,\"height\":64}},{\"src\":\"http:\\\/\\\/www.bastiencrocq.com\\\/site\\\/wp-content\\\/uploads\\\/2016\\\/01\\\/2etuden7.mp3\",\"type\":\"audio\\\/mpeg\",\"title\":\"Fr\\u00e9d\\u00e9ric Chopin - Etude n\\u00b07 Op.25  Th\\u00e9\\u00e2tre du Ranelagh, Paris, novembre 2004\",\"caption\":\"\",\"description\":\"<i>2etuden7<\\\/i>.\",\"meta\":{\"length_formatted\":\"6:09\"},\"image\":{\"src\":\"http:\\\/\\\/www.bastiencrocq.com\\\/site\\\/wp-includes\\\/images\\\/media\\\/audio.svg\",\"width\":48,\"height\":64},\"thumb\":{\"src\":\"http:\\\/\\\/www.bastiencrocq.com\\\/site\\\/wp-includes\\\/images\\\/media\\\/audio.svg\",\"width\":48,\"height\":64}},{\"src\":\"http:\\\/\\\/www.bastiencrocq.com\\\/site\\\/wp-content\\\/uploads\\\/2016\\\/01\\\/5impromptu.mp3\",\"type\":\"audio\\\/mpeg\",\"title\":\"Franz Schubert - Impromptu n\\u00b03 Op.142\",\"caption\":\"\",\"description\":\"<i>5impromptu<\\\/i>.\",\"meta\":{\"length_formatted\":\"11:19\"},\"image\":{\"src\":\"http:\\\/\\\/www.bastiencrocq.com\\\/site\\\/wp-includes\\\/images\\\/media\\\/audio.svg\",\"width\":48,\"height\":64},\"thumb\":{\"src\":\"http:\\\/\\\/www.bastiencrocq.com\\\/site\\\/wp-includes\\\/images\\\/media\\\/audio.svg\",\"width\":48,\"height\":64}},{\"src\":\"http:\\\/\\\/www.bastiencrocq.com\\\/site\\\/wp-content\\\/uploads\\\/2016\\\/01\\\/02-Piste-02.mp3\",\"type\":\"audio\\\/mpeg\",\"title\":\"Johannes Brahms - Sonate op 5 Allegro Maestoso, Th\\u00e9\\u00e2tre de l'Archipel, Paris, avril 2010\",\"caption\":\"\",\"description\":\"<i>Piste 02<\\\/i>. Piste 2 sur 10.\",\"meta\":{\"length_formatted\":\"7:24\"},\"image\":{\"src\":\"http:\\\/\\\/www.bastiencrocq.com\\\/site\\\/wp-includes\\\/images\\\/media\\\/audio.svg\",\"width\":48,\"height\":64},\"thumb\":{\"src\":\"http:\\\/\\\/www.bastiencrocq.com\\\/site\\\/wp-includes\\\/images\\\/media\\\/audio.svg\",\"width\":48,\"height\":64}},{\"src\":\"http:\\\/\\\/www.bastiencrocq.com\\\/site\\\/wp-content\\\/uploads\\\/2016\\\/01\\\/4cloches.mp3\",\"type\":\"audio\\\/mpeg\",\"title\":\"Claude Debussy - Cloches \\u00e0 travers les feuilles  Salle de la terrasse, Gif-sur-Yvette, novembre 2001\",\"caption\":\"\",\"description\":\"<i>4cloches<\\\/i>.\",\"meta\":{\"length_formatted\":\"4:27\"},\"image\":{\"src\":\"http:\\\/\\\/www.bastiencrocq.com\\\/site\\\/wp-includes\\\/images\\\/media\\\/audio.svg\",\"width\":48,\"height\":64},\"thumb\":{\"src\":\"http:\\\/\\\/www.bastiencrocq.com\\\/site\\\/wp-includes\\\/images\\\/media\\\/audio.svg\",\"width\":48,\"height\":64}}]}<\/script>\n<\/div>\n\t\n<p>[\/et_pb_text][\/et_pb_column][et_pb_column type=\u00a0\u00bb1_2&Prime;][et_pb_text admin_label=\u00a0\u00bbVIDEO titre\u00a0\u00bb background_layout=\u00a0\u00bbdark\u00a0\u00bb text_orientation=\u00a0\u00bbleft\u00a0\u00bb text_font_size=\u00a0\u00bb14&Prime; use_border_color=\u00a0\u00bboff\u00a0\u00bb border_color=\u00a0\u00bb#ffffff\u00a0\u00bb border_style=\u00a0\u00bbsolid\u00a0\u00bb module_class=\u00a0\u00bbgd_titre\u00a0\u00bb]<\/p>\n<p><span style=\"color: #ffb400;\">VIDEO<\/span><\/p>\n<p>[\/et_pb_text][et_pb_text admin_label=\u00a0\u00bbVIDEO playlist\u00a0\u00bb background_layout=\u00a0\u00bblight\u00a0\u00bb text_orientation=\u00a0\u00bbleft\u00a0\u00bb text_font_size=\u00a0\u00bb14&Prime; use_border_color=\u00a0\u00bbon\u00a0\u00bb border_color=\u00a0\u00bb#ffb400&Prime; border_style=\u00a0\u00bbsolid\u00a0\u00bb background_color=\u00a0\u00bb#000000&Prime;]<\/p>\n<div class=\"wp-playlist wp-video-playlist wp-playlist-light\">\n\t\t<video controls=\"controls\" preload=\"none\" width=\"1058\"\n\t\t height=\"595\"\t><\/video>\n\t<div class=\"wp-playlist-next\"><\/div>\n\t<div class=\"wp-playlist-prev\"><\/div>\n\t<noscript>\n\t<ol>\n\t\t<li><a href='http:\/\/www.bastiencrocq.com\/site\/wp-content\/uploads\/2016\/01\/03.mp4'>R\u00e9cital Chopin - extraits 1<\/a><\/li><li><a href='http:\/\/www.bastiencrocq.com\/site\/wp-content\/uploads\/2016\/01\/02.mp4'>R\u00e9cital Chopin - extraits 2<\/a><\/li><li><a href='http:\/\/www.bastiencrocq.com\/site\/wp-content\/uploads\/2016\/01\/shubert2.mp4'>Schubert Sonate D959 extrait<\/a><\/li><li><a href='http:\/\/www.bastiencrocq.com\/site\/wp-content\/uploads\/2016\/01\/shubert1.mp4'>Schubert Sonate D959 pr\u00e9sentation<\/a><\/li><li><a href='http:\/\/www.bastiencrocq.com\/site\/wp-content\/uploads\/2016\/01\/LUNE-1.mp4.mp4'>Debussy - Clair de lune<\/a><\/li><li><a href='http:\/\/www.bastiencrocq.com\/site\/wp-content\/uploads\/2016\/01\/LUNE-3.mp4.mp4'>Debussy - La terrasse des audiences du clair de lune<\/a><\/li><li><a href='http:\/\/www.bastiencrocq.com\/site\/wp-content\/uploads\/2016\/01\/LUNE-2.mp4.mp4'>Chopin - Nocturne op 9 n 1<\/a><\/li><li><a href='http:\/\/www.bastiencrocq.com\/site\/wp-content\/uploads\/2016\/01\/LUNE-4.mp4.mp4'>Fr\u00e9d\u00e9ric Chopin - Polonaise op 53<\/a><\/li>\t<\/ol>\n\t<\/noscript>\n\t<script type=\"application\/json\" class=\"wp-playlist-script\">{\"type\":\"video\",\"tracklist\":true,\"tracknumbers\":true,\"images\":false,\"artists\":true,\"tracks\":[{\"src\":\"http:\\\/\\\/www.bastiencrocq.com\\\/site\\\/wp-content\\\/uploads\\\/2016\\\/01\\\/03.mp4\",\"type\":\"video\\\/mp4\",\"title\":\"R\\u00e9cital Chopin - extraits 1\",\"caption\":\"\",\"description\":\"\",\"meta\":{\"length_formatted\":\"4:20\"},\"dimensions\":{\"original\":{\"width\":480,\"height\":270},\"resized\":{\"width\":1058,\"height\":595}},\"image\":{\"src\":\"http:\\\/\\\/www.bastiencrocq.com\\\/site\\\/wp-includes\\\/images\\\/media\\\/video.svg\",\"width\":48,\"height\":64},\"thumb\":{\"src\":\"http:\\\/\\\/www.bastiencrocq.com\\\/site\\\/wp-includes\\\/images\\\/media\\\/video.svg\",\"width\":48,\"height\":64}},{\"src\":\"http:\\\/\\\/www.bastiencrocq.com\\\/site\\\/wp-content\\\/uploads\\\/2016\\\/01\\\/02.mp4\",\"type\":\"video\\\/mp4\",\"title\":\"R\\u00e9cital Chopin - extraits 2\",\"caption\":\"\",\"description\":\"\",\"meta\":{\"length_formatted\":\"4:36\"},\"dimensions\":{\"original\":{\"width\":480,\"height\":270},\"resized\":{\"width\":1058,\"height\":595}},\"image\":{\"src\":\"http:\\\/\\\/www.bastiencrocq.com\\\/site\\\/wp-includes\\\/images\\\/media\\\/video.svg\",\"width\":48,\"height\":64},\"thumb\":{\"src\":\"http:\\\/\\\/www.bastiencrocq.com\\\/site\\\/wp-includes\\\/images\\\/media\\\/video.svg\",\"width\":48,\"height\":64}},{\"src\":\"http:\\\/\\\/www.bastiencrocq.com\\\/site\\\/wp-content\\\/uploads\\\/2016\\\/01\\\/shubert2.mp4\",\"type\":\"video\\\/mp4\",\"title\":\"Schubert Sonate D959 extrait\",\"caption\":\"\",\"description\":\"\",\"meta\":{\"length_formatted\":\"8:12\"},\"dimensions\":{\"original\":{\"width\":480,\"height\":270},\"resized\":{\"width\":1058,\"height\":595}},\"image\":{\"src\":\"http:\\\/\\\/www.bastiencrocq.com\\\/site\\\/wp-includes\\\/images\\\/media\\\/video.svg\",\"width\":48,\"height\":64},\"thumb\":{\"src\":\"http:\\\/\\\/www.bastiencrocq.com\\\/site\\\/wp-includes\\\/images\\\/media\\\/video.svg\",\"width\":48,\"height\":64}},{\"src\":\"http:\\\/\\\/www.bastiencrocq.com\\\/site\\\/wp-content\\\/uploads\\\/2016\\\/01\\\/shubert1.mp4\",\"type\":\"video\\\/mp4\",\"title\":\"Schubert Sonate D959 pr\\u00e9sentation\",\"caption\":\"\",\"description\":\"\",\"meta\":{\"length_formatted\":\"9:41\"},\"dimensions\":{\"original\":{\"width\":480,\"height\":270},\"resized\":{\"width\":1058,\"height\":595}},\"image\":{\"src\":\"http:\\\/\\\/www.bastiencrocq.com\\\/site\\\/wp-includes\\\/images\\\/media\\\/video.svg\",\"width\":48,\"height\":64},\"thumb\":{\"src\":\"http:\\\/\\\/www.bastiencrocq.com\\\/site\\\/wp-includes\\\/images\\\/media\\\/video.svg\",\"width\":48,\"height\":64}},{\"src\":\"http:\\\/\\\/www.bastiencrocq.com\\\/site\\\/wp-content\\\/uploads\\\/2016\\\/01\\\/LUNE-1.mp4.mp4\",\"type\":\"video\\\/mp4\",\"title\":\"Debussy - Clair de lune\",\"caption\":\"\",\"description\":\"\",\"meta\":{\"length_formatted\":\"4:31\"},\"dimensions\":{\"original\":{\"width\":1280,\"height\":720},\"resized\":{\"width\":1058,\"height\":595}},\"image\":{\"src\":\"http:\\\/\\\/www.bastiencrocq.com\\\/site\\\/wp-includes\\\/images\\\/media\\\/video.svg\",\"width\":48,\"height\":64},\"thumb\":{\"src\":\"http:\\\/\\\/www.bastiencrocq.com\\\/site\\\/wp-includes\\\/images\\\/media\\\/video.svg\",\"width\":48,\"height\":64}},{\"src\":\"http:\\\/\\\/www.bastiencrocq.com\\\/site\\\/wp-content\\\/uploads\\\/2016\\\/01\\\/LUNE-3.mp4.mp4\",\"type\":\"video\\\/mp4\",\"title\":\"Debussy - La terrasse des audiences du clair de lune\",\"caption\":\"\",\"description\":\"\",\"meta\":{\"length_formatted\":\"3:57\"},\"dimensions\":{\"original\":{\"width\":1280,\"height\":720},\"resized\":{\"width\":1058,\"height\":595}},\"image\":{\"src\":\"http:\\\/\\\/www.bastiencrocq.com\\\/site\\\/wp-includes\\\/images\\\/media\\\/video.svg\",\"width\":48,\"height\":64},\"thumb\":{\"src\":\"http:\\\/\\\/www.bastiencrocq.com\\\/site\\\/wp-includes\\\/images\\\/media\\\/video.svg\",\"width\":48,\"height\":64}},{\"src\":\"http:\\\/\\\/www.bastiencrocq.com\\\/site\\\/wp-content\\\/uploads\\\/2016\\\/01\\\/LUNE-2.mp4.mp4\",\"type\":\"video\\\/mp4\",\"title\":\"Chopin - Nocturne op 9 n 1\",\"caption\":\"\",\"description\":\"\",\"meta\":{\"length_formatted\":\"5:40\"},\"dimensions\":{\"original\":{\"width\":1280,\"height\":720},\"resized\":{\"width\":1058,\"height\":595}},\"image\":{\"src\":\"http:\\\/\\\/www.bastiencrocq.com\\\/site\\\/wp-includes\\\/images\\\/media\\\/video.svg\",\"width\":48,\"height\":64},\"thumb\":{\"src\":\"http:\\\/\\\/www.bastiencrocq.com\\\/site\\\/wp-includes\\\/images\\\/media\\\/video.svg\",\"width\":48,\"height\":64}},{\"src\":\"http:\\\/\\\/www.bastiencrocq.com\\\/site\\\/wp-content\\\/uploads\\\/2016\\\/01\\\/LUNE-4.mp4.mp4\",\"type\":\"video\\\/mp4\",\"title\":\"Fr\\u00e9d\\u00e9ric Chopin - Polonaise op 53\",\"caption\":\"\",\"description\":\"\",\"meta\":{\"length_formatted\":\"7:34\"},\"dimensions\":{\"original\":{\"width\":800,\"height\":450},\"resized\":{\"width\":1058,\"height\":595}},\"image\":{\"src\":\"http:\\\/\\\/www.bastiencrocq.com\\\/site\\\/wp-includes\\\/images\\\/media\\\/video.svg\",\"width\":48,\"height\":64},\"thumb\":{\"src\":\"http:\\\/\\\/www.bastiencrocq.com\\\/site\\\/wp-includes\\\/images\\\/media\\\/video.svg\",\"width\":48,\"height\":64}}]}<\/script>\n<\/div>\n\t\n<p>[\/et_pb_text][\/et_pb_column][\/et_pb_row][et_pb_row admin_label=\u00a0\u00bbLigne\u00a0\u00bb][et_pb_column type=\u00a0\u00bb1_2&Prime;][et_pb_video_slider admin_label=\u00a0\u00bbCurseur de d\u00e9filement vid\u00e9o\u00a0\u00bb show_image_overlay=\u00a0\u00bbhide\u00a0\u00bb show_arrows=\u00a0\u00bbon\u00a0\u00bb show_thumbnails=\u00a0\u00bbon\u00a0\u00bb controls_color=\u00a0\u00bblight\u00a0\u00bb] [et_pb_video_slider_item src=\u00a0\u00bbhttps:\/\/www.youtube.com\/watch?v=jQ5w6W08xj0&Prime; background_layout=\u00a0\u00bbdark\u00a0\u00bb] [\/et_pb_video_slider_item][et_pb_video_slider_item src=\u00a0\u00bbhttps:\/\/www.youtube.com\/watch?v=YAHzOXxVhws\u00a0\u00bb background_layout=\u00a0\u00bbdark\u00a0\u00bb] [\/et_pb_video_slider_item][et_pb_video_slider_item src=\u00a0\u00bbhttps:\/\/www.youtube.com\/watch?v=JgsIY5zuQzc\u00a0\u00bb background_layout=\u00a0\u00bbdark\u00a0\u00bb \/][et_pb_video_slider_item src=\u00a0\u00bbhttps:\/\/www.youtube.com\/watch?v=pQsRqJbwFTc\u00a0\u00bb background_layout=\u00a0\u00bbdark\u00a0\u00bb \/][et_pb_video_slider_item src=\u00a0\u00bbhttps:\/\/www.youtube.com\/watch?v=xf4-hIkmYbs\u00a0\u00bb background_layout=\u00a0\u00bbdark\u00a0\u00bb \/] [\/et_pb_video_slider][\/et_pb_column][et_pb_column type=\u00a0\u00bb1_2&Prime;][\/et_pb_column][\/et_pb_row][et_pb_row admin_label=\u00a0\u00bbLigne\u00a0\u00bb][et_pb_column type=\u00a0\u00bb1_4&Prime;][et_pb_image admin_label=\u00a0\u00bbImage\u00a0\u00bb src=\u00a0\u00bbhttp:\/\/www.bastiencrocq.com\/site\/wp-content\/uploads\/2016\/01\/dvd-chopin-2.jpg\u00a0\u00bb show_in_lightbox=\u00a0\u00bboff\u00a0\u00bb url_new_window=\u00a0\u00bboff\u00a0\u00bb use_overlay=\u00a0\u00bboff\u00a0\u00bb animation=\u00a0\u00bbleft\u00a0\u00bb sticky=\u00a0\u00bboff\u00a0\u00bb align=\u00a0\u00bbleft\u00a0\u00bb force_fullwidth=\u00a0\u00bboff\u00a0\u00bb always_center_on_mobile=\u00a0\u00bbon\u00a0\u00bb use_border_color=\u00a0\u00bboff\u00a0\u00bb border_color=\u00a0\u00bb#ffffff\u00a0\u00bb border_style=\u00a0\u00bbsolid\u00a0\u00bb] [\/et_pb_image][\/et_pb_column][et_pb_column type=\u00a0\u00bb1_4&Prime;][et_pb_image admin_label=\u00a0\u00bbImage\u00a0\u00bb src=\u00a0\u00bbhttp:\/\/www.bastiencrocq.com\/site\/wp-content\/uploads\/2024\/03\/Pochette-CD-1.jpg\u00a0\u00bb show_in_lightbox=\u00a0\u00bboff\u00a0\u00bb url_new_window=\u00a0\u00bboff\u00a0\u00bb use_overlay=\u00a0\u00bboff\u00a0\u00bb animation=\u00a0\u00bbleft\u00a0\u00bb sticky=\u00a0\u00bboff\u00a0\u00bb align=\u00a0\u00bbleft\u00a0\u00bb force_fullwidth=\u00a0\u00bboff\u00a0\u00bb always_center_on_mobile=\u00a0\u00bbon\u00a0\u00bb use_border_color=\u00a0\u00bboff\u00a0\u00bb border_color=\u00a0\u00bb#ffffff\u00a0\u00bb border_style=\u00a0\u00bbsolid\u00a0\u00bb] [\/et_pb_image][\/et_pb_column][et_pb_column type=\u00a0\u00bb1_4&Prime;][et_pb_image admin_label=\u00a0\u00bbImage\u00a0\u00bb src=\u00a0\u00bbhttp:\/\/www.bastiencrocq.com\/site\/wp-content\/uploads\/2024\/03\/Pochette-CD-2.jpg\u00a0\u00bb show_in_lightbox=\u00a0\u00bboff\u00a0\u00bb url_new_window=\u00a0\u00bboff\u00a0\u00bb use_overlay=\u00a0\u00bboff\u00a0\u00bb animation=\u00a0\u00bbleft\u00a0\u00bb sticky=\u00a0\u00bboff\u00a0\u00bb align=\u00a0\u00bbleft\u00a0\u00bb force_fullwidth=\u00a0\u00bboff\u00a0\u00bb always_center_on_mobile=\u00a0\u00bbon\u00a0\u00bb use_border_color=\u00a0\u00bboff\u00a0\u00bb border_color=\u00a0\u00bb#ffffff\u00a0\u00bb border_style=\u00a0\u00bbsolid\u00a0\u00bb] [\/et_pb_image][\/et_pb_column][et_pb_column type=\u00a0\u00bb1_4&Prime;][\/et_pb_column][\/et_pb_row][et_pb_row admin_label=\u00a0\u00bbLigne\u00a0\u00bb][et_pb_column type=\u00a0\u00bb4_4&Prime;][et_pb_testimonial admin_label=\u00a0\u00bbT\u00e9moignage\u00a0\u00bb author=\u00a0\u00bbMidi Libre, novembre 2009&Prime; url_new_window=\u00a0\u00bboff\u00a0\u00bb quote_icon=\u00a0\u00bboff\u00a0\u00bb use_background_color=\u00a0\u00bbon\u00a0\u00bb background_color=\u00a0\u00bbrgba(0,0,0,0)\u00a0\u00bb background_layout=\u00a0\u00bbdark\u00a0\u00bb text_orientation=\u00a0\u00bbleft\u00a0\u00bb portrait_border_radius=\u00a0\u00bb90&Prime; portrait_width=\u00a0\u00bb90&Prime; portrait_height=\u00a0\u00bb90&Prime; body_font_size=\u00a0\u00bb14&Prime; use_border_color=\u00a0\u00bboff\u00a0\u00bb border_color=\u00a0\u00bb#ffffff\u00a0\u00bb border_style=\u00a0\u00bbsolid\u00a0\u00bb]<\/p>\n<blockquote><p>Bastien Crocq a un talent incontestable. Il sait donner toute leur puissance aux compositeurs romantiques, il est r\u00e9ellement habit\u00e9 par cette musique et ces sonorit\u00e9s.<\/p><\/blockquote>\n<p>[\/et_pb_testimonial][\/et_pb_column][\/et_pb_row][\/et_pb_section]<\/p>\n","protected":false},"excerpt":{"rendered":"<p>Issu d&rsquo;une famille de musiciens, Bastien Crocq na\u00eet immerg\u00e9 dans le monde de la musique classique. Premier prix de piano et de musique de chambre de la Ville de Paris \u00e0 16 ans, \u00e9l\u00e8ve d&rsquo;Olivier Gardon au Conservatoire Sup\u00e9rieur de Paris, il d\u00e9couvre l&rsquo;enseignement de Monique Deschauss\u00e9es, disciple d&rsquo;Alfred Cortot et d&rsquo;Edwin Fischer, et se [&hellip;]<\/p>\n","protected":false},"author":1,"featured_media":0,"parent":0,"menu_order":0,"comment_status":"closed","ping_status":"closed","template":"","meta":{"_et_pb_use_builder":"on","_et_pb_old_content":"","_et_gb_content_width":"","footnotes":""},"class_list":["post-104","page","type-page","status-publish","hentry"],"_links":{"self":[{"href":"http:\/\/www.bastiencrocq.com\/site\/wp-json\/wp\/v2\/pages\/104","targetHints":{"allow":["GET"]}}],"collection":[{"href":"http:\/\/www.bastiencrocq.com\/site\/wp-json\/wp\/v2\/pages"}],"about":[{"href":"http:\/\/www.bastiencrocq.com\/site\/wp-json\/wp\/v2\/types\/page"}],"author":[{"embeddable":true,"href":"http:\/\/www.bastiencrocq.com\/site\/wp-json\/wp\/v2\/users\/1"}],"replies":[{"embeddable":true,"href":"http:\/\/www.bastiencrocq.com\/site\/wp-json\/wp\/v2\/comments?post=104"}],"version-history":[{"count":58,"href":"http:\/\/www.bastiencrocq.com\/site\/wp-json\/wp\/v2\/pages\/104\/revisions"}],"predecessor-version":[{"id":838,"href":"http:\/\/www.bastiencrocq.com\/site\/wp-json\/wp\/v2\/pages\/104\/revisions\/838"}],"wp:attachment":[{"href":"http:\/\/www.bastiencrocq.com\/site\/wp-json\/wp\/v2\/media?parent=104"}],"curies":[{"name":"wp","href":"https:\/\/api.w.org\/{rel}","templated":true}]}}