{"id":158,"date":"2016-01-07T12:47:53","date_gmt":"2016-01-07T11:47:53","guid":{"rendered":"http:\/\/www.bastiencrocq.com\/site\/?page_id=158"},"modified":"2020-07-16T22:31:26","modified_gmt":"2020-07-16T21:31:26","slug":"batterie","status":"publish","type":"page","link":"http:\/\/www.bastiencrocq.com\/site\/batterie\/","title":{"rendered":"BATTERIE"},"content":{"rendered":"<p>[et_pb_section admin_label=\u00a0\u00bbsection\u00a0\u00bb background_image=\u00a0\u00bbhttp:\/\/www.bastiencrocq.com\/site\/wp-content\/uploads\/2016\/01\/batterie_fd.jpg\u00a0\u00bb transparent_background=\u00a0\u00bboff\u00a0\u00bb allow_player_pause=\u00a0\u00bboff\u00a0\u00bb inner_shadow=\u00a0\u00bboff\u00a0\u00bb parallax=\u00a0\u00bbon\u00a0\u00bb parallax_method=\u00a0\u00bbon\u00a0\u00bb padding_mobile=\u00a0\u00bboff\u00a0\u00bb make_fullwidth=\u00a0\u00bboff\u00a0\u00bb use_custom_width=\u00a0\u00bboff\u00a0\u00bb width_unit=\u00a0\u00bbon\u00a0\u00bb make_equal=\u00a0\u00bboff\u00a0\u00bb use_custom_gutter=\u00a0\u00bboff\u00a0\u00bb gutter_width=\u00a0\u00bb3&Prime;][et_pb_row admin_label=\u00a0\u00bbLigne\u00a0\u00bb][et_pb_column type=\u00a0\u00bb4_4&Prime;][et_pb_text admin_label=\u00a0\u00bbTexte d&rsquo;introduction\u00a0\u00bb background_layout=\u00a0\u00bbdark\u00a0\u00bb text_orientation=\u00a0\u00bbjustified\u00a0\u00bb use_border_color=\u00a0\u00bboff\u00a0\u00bb border_color=\u00a0\u00bb#ffffff\u00a0\u00bb border_style=\u00a0\u00bbsolid\u00a0\u00bb background_color=\u00a0\u00bbrgba(0,0,0,0)\u00a0\u00bb]<\/p>\n<p>M\u00e9lange de traditions africaines, turques, chinoises, am\u00e9rindiennes et europ\u00e9ennes, la batterie offre des possibilit\u00e9s de cr\u00e9ation insoup\u00e7onn\u00e9es.<\/p>\n<p>Form\u00e9 aupr\u00e8s du batteur Thomas Patris, Bastien Crocq fait ses armes avec le trio jazz du pianiste Fran\u00e7ois Piquion et le groupe de m\u00e9tal fran\u00e7ais Lazy avant de se sp\u00e9cialiser dans le jeu en solo. Anim\u00e9e d&rsquo;une grande force, sa musique parle \u00e0 tous, cr\u00e9e l&rsquo;\u00e9motion, \u00e9voque id\u00e9es, images et sensations. Cette \u0153uvre originale qui touche aux confins de la danse et des arts martiaux puise ses sources dans le jazz, le rock, mais aussi dans une sensibilit\u00e9 romantique. Elle nous entra\u00eene dans un univers de vibrations.<br \/>\nBatteur virtuose, Bastien Crocq nous fascine et nous connecte \u00e0 notre propre \u00e9nergie int\u00e9rieure.<\/p>\n<p>[\/et_pb_text][et_pb_divider admin_label=\u00a0\u00bbS\u00e9parateur\u00a0\u00bb color=\u00a0\u00bb#ffffff\u00a0\u00bb show_divider=\u00a0\u00bboff\u00a0\u00bb height=\u00a0\u00bb50&Prime; divider_style=\u00a0\u00bbsolid\u00a0\u00bb divider_position=\u00a0\u00bbtop\u00a0\u00bb divider_weight=\u00a0\u00bb1&Prime; hide_on_mobile=\u00a0\u00bbon\u00a0\u00bb] [\/et_pb_divider][\/et_pb_column][\/et_pb_row][et_pb_row admin_label=\u00a0\u00bbLigne\u00a0\u00bb][et_pb_column type=\u00a0\u00bb1_2&Prime;][et_pb_text admin_label=\u00a0\u00bbAUDIO titre\u00a0\u00bb background_layout=\u00a0\u00bbdark\u00a0\u00bb text_orientation=\u00a0\u00bbleft\u00a0\u00bb text_font_size=\u00a0\u00bb14&Prime; use_border_color=\u00a0\u00bboff\u00a0\u00bb border_color=\u00a0\u00bb#ffffff\u00a0\u00bb border_style=\u00a0\u00bbsolid\u00a0\u00bb module_class=\u00a0\u00bbgd_titre\u00a0\u00bb] <span style=\"color: #ffb400;\">AUDIO<\/span> [\/et_pb_text][et_pb_text admin_label=\u00a0\u00bbAUDIO playlist\u00a0\u00bb background_layout=\u00a0\u00bbdark\u00a0\u00bb text_orientation=\u00a0\u00bbleft\u00a0\u00bb use_border_color=\u00a0\u00bbon\u00a0\u00bb border_color=\u00a0\u00bb#ffb400&Prime; border_style=\u00a0\u00bbsolid\u00a0\u00bb background_color=\u00a0\u00bb#000000&Prime;]<\/p>\n<p>&nbsp;<\/p>\n<!--[if lt IE 9]><script>document.createElement('audio');<\/script><![endif]-->\n\t<div class=\"wp-playlist wp-audio-playlist wp-playlist-light\">\n\t\t\t<div class=\"wp-playlist-current-item\"><\/div>\n\t\t<audio controls=\"controls\" preload=\"none\" width=\"1058\"\n\t\t\t><\/audio>\n\t<div class=\"wp-playlist-next\"><\/div>\n\t<div class=\"wp-playlist-prev\"><\/div>\n\t<noscript>\n\t<ol>\n\t\t<li><a href='http:\/\/www.bastiencrocq.com\/site\/wp-content\/uploads\/2016\/01\/birth.mp3'>birth<\/a><\/li><li><a href='http:\/\/www.bastiencrocq.com\/site\/wp-content\/uploads\/2016\/01\/combat.mp3'>fight<\/a><\/li><li><a href='http:\/\/www.bastiencrocq.com\/site\/wp-content\/uploads\/2016\/01\/feu.mp3'>fire<\/a><\/li><li><a href='http:\/\/www.bastiencrocq.com\/site\/wp-content\/uploads\/2016\/01\/rock.mp3'>rock  Studio Richet, Paris, mars 2008<\/a><\/li><li><a href='http:\/\/www.bastiencrocq.com\/site\/wp-content\/uploads\/2016\/01\/2-Le-Loup-bleu-STEPPE.mp3'>Le loup bleu-STEPPE<\/a><\/li><li><a href='http:\/\/www.bastiencrocq.com\/site\/wp-content\/uploads\/2016\/01\/3-Le-Loup-bleu-SHAMAN.mp3'>Le loup bleu-SHAMAN<\/a><\/li>\t<\/ol>\n\t<\/noscript>\n\t<script type=\"application\/json\" class=\"wp-playlist-script\">{\"type\":\"audio\",\"tracklist\":true,\"tracknumbers\":true,\"images\":false,\"artists\":true,\"tracks\":[{\"src\":\"http:\\\/\\\/www.bastiencrocq.com\\\/site\\\/wp-content\\\/uploads\\\/2016\\\/01\\\/birth.mp3\",\"type\":\"audio\\\/mpeg\",\"title\":\"birth\",\"caption\":\"\",\"description\":\"<i>birth<\\\/i>.\",\"meta\":{\"length_formatted\":\"7:27\"},\"image\":{\"src\":\"http:\\\/\\\/www.bastiencrocq.com\\\/site\\\/wp-includes\\\/images\\\/media\\\/audio.svg\",\"width\":48,\"height\":64},\"thumb\":{\"src\":\"http:\\\/\\\/www.bastiencrocq.com\\\/site\\\/wp-includes\\\/images\\\/media\\\/audio.svg\",\"width\":48,\"height\":64}},{\"src\":\"http:\\\/\\\/www.bastiencrocq.com\\\/site\\\/wp-content\\\/uploads\\\/2016\\\/01\\\/combat.mp3\",\"type\":\"audio\\\/mpeg\",\"title\":\"fight\",\"caption\":\"\",\"description\":\"<i>combat<\\\/i>.\",\"meta\":{\"length_formatted\":\"19:53\"},\"image\":{\"src\":\"http:\\\/\\\/www.bastiencrocq.com\\\/site\\\/wp-includes\\\/images\\\/media\\\/audio.svg\",\"width\":48,\"height\":64},\"thumb\":{\"src\":\"http:\\\/\\\/www.bastiencrocq.com\\\/site\\\/wp-includes\\\/images\\\/media\\\/audio.svg\",\"width\":48,\"height\":64}},{\"src\":\"http:\\\/\\\/www.bastiencrocq.com\\\/site\\\/wp-content\\\/uploads\\\/2016\\\/01\\\/feu.mp3\",\"type\":\"audio\\\/mpeg\",\"title\":\"fire\",\"caption\":\"\",\"description\":\"<i>feu<\\\/i>.\",\"meta\":{\"length_formatted\":\"11:22\"},\"image\":{\"src\":\"http:\\\/\\\/www.bastiencrocq.com\\\/site\\\/wp-includes\\\/images\\\/media\\\/audio.svg\",\"width\":48,\"height\":64},\"thumb\":{\"src\":\"http:\\\/\\\/www.bastiencrocq.com\\\/site\\\/wp-includes\\\/images\\\/media\\\/audio.svg\",\"width\":48,\"height\":64}},{\"src\":\"http:\\\/\\\/www.bastiencrocq.com\\\/site\\\/wp-content\\\/uploads\\\/2016\\\/01\\\/rock.mp3\",\"type\":\"audio\\\/mpeg\",\"title\":\"rock  Studio Richet, Paris, mars 2008\",\"caption\":\"\",\"description\":\"<i>rock<\\\/i>.\",\"meta\":{\"length_formatted\":\"3:04\"},\"image\":{\"src\":\"http:\\\/\\\/www.bastiencrocq.com\\\/site\\\/wp-includes\\\/images\\\/media\\\/audio.svg\",\"width\":48,\"height\":64},\"thumb\":{\"src\":\"http:\\\/\\\/www.bastiencrocq.com\\\/site\\\/wp-includes\\\/images\\\/media\\\/audio.svg\",\"width\":48,\"height\":64}},{\"src\":\"http:\\\/\\\/www.bastiencrocq.com\\\/site\\\/wp-content\\\/uploads\\\/2016\\\/01\\\/2-Le-Loup-bleu-STEPPE.mp3\",\"type\":\"audio\\\/mpeg\",\"title\":\"Le loup bleu-STEPPE\",\"caption\":\"\",\"description\":\"Le loup bleu-STEPPE\",\"meta\":{\"length_formatted\":\"4:04\"},\"image\":{\"src\":\"http:\\\/\\\/www.bastiencrocq.com\\\/site\\\/wp-includes\\\/images\\\/media\\\/audio.svg\",\"width\":48,\"height\":64},\"thumb\":{\"src\":\"http:\\\/\\\/www.bastiencrocq.com\\\/site\\\/wp-includes\\\/images\\\/media\\\/audio.svg\",\"width\":48,\"height\":64}},{\"src\":\"http:\\\/\\\/www.bastiencrocq.com\\\/site\\\/wp-content\\\/uploads\\\/2016\\\/01\\\/3-Le-Loup-bleu-SHAMAN.mp3\",\"type\":\"audio\\\/mpeg\",\"title\":\"Le loup bleu-SHAMAN\",\"caption\":\"\",\"description\":\"Le loup bleu-SHAMAN\",\"meta\":{\"length_formatted\":\"4:14\"},\"image\":{\"src\":\"http:\\\/\\\/www.bastiencrocq.com\\\/site\\\/wp-includes\\\/images\\\/media\\\/audio.svg\",\"width\":48,\"height\":64},\"thumb\":{\"src\":\"http:\\\/\\\/www.bastiencrocq.com\\\/site\\\/wp-includes\\\/images\\\/media\\\/audio.svg\",\"width\":48,\"height\":64}}]}<\/script>\n<\/div>\n\t\n<p>[\/et_pb_text][\/et_pb_column][et_pb_column type=\u00a0\u00bb1_2&Prime;][et_pb_text admin_label=\u00a0\u00bbVIDEO titre\u00a0\u00bb background_layout=\u00a0\u00bbdark\u00a0\u00bb text_orientation=\u00a0\u00bbleft\u00a0\u00bb text_font_size=\u00a0\u00bb14&Prime; use_border_color=\u00a0\u00bboff\u00a0\u00bb border_color=\u00a0\u00bb#ffffff\u00a0\u00bb border_style=\u00a0\u00bbsolid\u00a0\u00bb module_class=\u00a0\u00bbgd_titre\u00a0\u00bb] <span style=\"color: #ffb400;\">VIDEO<\/span> [\/et_pb_text][et_pb_text admin_label=\u00a0\u00bbVIDEO playlist\u00a0\u00bb background_layout=\u00a0\u00bblight\u00a0\u00bb text_orientation=\u00a0\u00bbleft\u00a0\u00bb text_font_size=\u00a0\u00bb14&Prime; use_border_color=\u00a0\u00bbon\u00a0\u00bb border_color=\u00a0\u00bb#ffb400&Prime; border_style=\u00a0\u00bbsolid\u00a0\u00bb background_color=\u00a0\u00bb#000000&Prime;]<\/p>\n<div class=\"wp-playlist wp-video-playlist wp-playlist-light\">\n\t\t<video controls=\"controls\" preload=\"none\" width=\"1058\"\n\t\t height=\"595\"\t><\/video>\n\t<div class=\"wp-playlist-next\"><\/div>\n\t<div class=\"wp-playlist-prev\"><\/div>\n\t<noscript>\n\t<ol>\n\t\t<li><a href='http:\/\/www.bastiencrocq.com\/site\/wp-content\/uploads\/2016\/01\/teaser.mp4'>extrait 1<\/a><\/li><li><a href='http:\/\/www.bastiencrocq.com\/site\/wp-content\/uploads\/2016\/01\/teaser02.mp4'>extrait 2<\/a><\/li><li><a href='http:\/\/www.bastiencrocq.com\/site\/wp-content\/uploads\/2016\/01\/final.mp4'>extrait 3<\/a><\/li>\t<\/ol>\n\t<\/noscript>\n\t<script type=\"application\/json\" class=\"wp-playlist-script\">{\"type\":\"video\",\"tracklist\":true,\"tracknumbers\":true,\"images\":false,\"artists\":true,\"tracks\":[{\"src\":\"http:\\\/\\\/www.bastiencrocq.com\\\/site\\\/wp-content\\\/uploads\\\/2016\\\/01\\\/teaser.mp4\",\"type\":\"video\\\/mp4\",\"title\":\"extrait 1\",\"caption\":\"\",\"description\":\"\",\"meta\":{\"length_formatted\":\"5:51\"},\"dimensions\":{\"original\":{\"width\":480,\"height\":270},\"resized\":{\"width\":1058,\"height\":595}},\"image\":{\"src\":\"http:\\\/\\\/www.bastiencrocq.com\\\/site\\\/wp-includes\\\/images\\\/media\\\/video.svg\",\"width\":48,\"height\":64},\"thumb\":{\"src\":\"http:\\\/\\\/www.bastiencrocq.com\\\/site\\\/wp-includes\\\/images\\\/media\\\/video.svg\",\"width\":48,\"height\":64}},{\"src\":\"http:\\\/\\\/www.bastiencrocq.com\\\/site\\\/wp-content\\\/uploads\\\/2016\\\/01\\\/teaser02.mp4\",\"type\":\"video\\\/mp4\",\"title\":\"extrait 2\",\"caption\":\"\",\"description\":\"\",\"meta\":{\"length_formatted\":\"7:47\"},\"dimensions\":{\"original\":{\"width\":480,\"height\":270},\"resized\":{\"width\":1058,\"height\":595}},\"image\":{\"src\":\"http:\\\/\\\/www.bastiencrocq.com\\\/site\\\/wp-includes\\\/images\\\/media\\\/video.svg\",\"width\":48,\"height\":64},\"thumb\":{\"src\":\"http:\\\/\\\/www.bastiencrocq.com\\\/site\\\/wp-includes\\\/images\\\/media\\\/video.svg\",\"width\":48,\"height\":64}},{\"src\":\"http:\\\/\\\/www.bastiencrocq.com\\\/site\\\/wp-content\\\/uploads\\\/2016\\\/01\\\/final.mp4\",\"type\":\"video\\\/mp4\",\"title\":\"extrait 3\",\"caption\":\"\",\"description\":\"\",\"meta\":{\"length_formatted\":\"5:14\"},\"dimensions\":{\"original\":{\"width\":480,\"height\":270},\"resized\":{\"width\":1058,\"height\":595}},\"image\":{\"src\":\"http:\\\/\\\/www.bastiencrocq.com\\\/site\\\/wp-includes\\\/images\\\/media\\\/video.svg\",\"width\":48,\"height\":64},\"thumb\":{\"src\":\"http:\\\/\\\/www.bastiencrocq.com\\\/site\\\/wp-includes\\\/images\\\/media\\\/video.svg\",\"width\":48,\"height\":64}}]}<\/script>\n<\/div>\n\t\n<p>[\/et_pb_text][\/et_pb_column][\/et_pb_row][et_pb_row admin_label=\u00a0\u00bbLigne\u00a0\u00bb][et_pb_column type=\u00a0\u00bb4_4&Prime;][et_pb_testimonial admin_label=\u00a0\u00bbT\u00e9moignage\u00a0\u00bb author=\u00a0\u00bbElle Magazine, ao\u00fbt 2012&Prime; url_new_window=\u00a0\u00bboff\u00a0\u00bb quote_icon=\u00a0\u00bboff\u00a0\u00bb use_background_color=\u00a0\u00bbon\u00a0\u00bb background_color=\u00a0\u00bbrgba(0,0,0,0)\u00a0\u00bb background_layout=\u00a0\u00bbdark\u00a0\u00bb text_orientation=\u00a0\u00bbleft\u00a0\u00bb portrait_border_radius=\u00a0\u00bb90&Prime; portrait_width=\u00a0\u00bb90&Prime; portrait_height=\u00a0\u00bb90&Prime; body_font_size=\u00a0\u00bb14&Prime; use_border_color=\u00a0\u00bboff\u00a0\u00bb border_color=\u00a0\u00bb#ffffff\u00a0\u00bb border_style=\u00a0\u00bbsolid\u00a0\u00bb]<\/p>\n<blockquote><p>\u00ab\u00a0Un g\u00e9nie de la batterie.\u00a0\u00bb<\/p><\/blockquote>\n<p>[\/et_pb_testimonial][\/et_pb_column][\/et_pb_row][\/et_pb_section]<\/p>\n","protected":false},"excerpt":{"rendered":"<p>M\u00e9lange de traditions africaines, turques, chinoises, am\u00e9rindiennes et europ\u00e9ennes, la batterie offre des possibilit\u00e9s de cr\u00e9ation insoup\u00e7onn\u00e9es. Form\u00e9 aupr\u00e8s du batteur Thomas Patris, Bastien Crocq fait ses armes avec le trio jazz du pianiste Fran\u00e7ois Piquion et le groupe de m\u00e9tal fran\u00e7ais Lazy avant de se sp\u00e9cialiser dans le jeu en solo. Anim\u00e9e d&rsquo;une grande [&hellip;]<\/p>\n","protected":false},"author":1,"featured_media":0,"parent":0,"menu_order":0,"comment_status":"closed","ping_status":"closed","template":"","meta":{"_et_pb_use_builder":"on","_et_pb_old_content":"","_et_gb_content_width":"","footnotes":""},"class_list":["post-158","page","type-page","status-publish","hentry"],"_links":{"self":[{"href":"http:\/\/www.bastiencrocq.com\/site\/wp-json\/wp\/v2\/pages\/158","targetHints":{"allow":["GET"]}}],"collection":[{"href":"http:\/\/www.bastiencrocq.com\/site\/wp-json\/wp\/v2\/pages"}],"about":[{"href":"http:\/\/www.bastiencrocq.com\/site\/wp-json\/wp\/v2\/types\/page"}],"author":[{"embeddable":true,"href":"http:\/\/www.bastiencrocq.com\/site\/wp-json\/wp\/v2\/users\/1"}],"replies":[{"embeddable":true,"href":"http:\/\/www.bastiencrocq.com\/site\/wp-json\/wp\/v2\/comments?post=158"}],"version-history":[{"count":11,"href":"http:\/\/www.bastiencrocq.com\/site\/wp-json\/wp\/v2\/pages\/158\/revisions"}],"predecessor-version":[{"id":654,"href":"http:\/\/www.bastiencrocq.com\/site\/wp-json\/wp\/v2\/pages\/158\/revisions\/654"}],"wp:attachment":[{"href":"http:\/\/www.bastiencrocq.com\/site\/wp-json\/wp\/v2\/media?parent=158"}],"curies":[{"name":"wp","href":"https:\/\/api.w.org\/{rel}","templated":true}]}}