{"id":183,"date":"2016-01-07T14:31:48","date_gmt":"2016-01-07T13:31:48","guid":{"rendered":"http:\/\/www.bastiencrocq.com\/site\/?page_id=183"},"modified":"2020-02-07T14:46:55","modified_gmt":"2020-02-07T13:46:55","slug":"babar","status":"publish","type":"page","link":"http:\/\/www.bastiencrocq.com\/site\/babar\/","title":{"rendered":"BABAR"},"content":{"rendered":"<p>[et_pb_section admin_label=\u00a0\u00bbsection\u00a0\u00bb background_image=\u00a0\u00bbhttp:\/\/www.bastiencrocq.com\/site\/wp-content\/uploads\/2016\/01\/babar.jpg\u00a0\u00bb transparent_background=\u00a0\u00bboff\u00a0\u00bb allow_player_pause=\u00a0\u00bboff\u00a0\u00bb inner_shadow=\u00a0\u00bboff\u00a0\u00bb parallax=\u00a0\u00bbon\u00a0\u00bb parallax_method=\u00a0\u00bbon\u00a0\u00bb padding_mobile=\u00a0\u00bboff\u00a0\u00bb make_fullwidth=\u00a0\u00bboff\u00a0\u00bb use_custom_width=\u00a0\u00bboff\u00a0\u00bb width_unit=\u00a0\u00bbon\u00a0\u00bb make_equal=\u00a0\u00bboff\u00a0\u00bb use_custom_gutter=\u00a0\u00bboff\u00a0\u00bb gutter_width=\u00a0\u00bb3&Prime;][et_pb_row admin_label=\u00a0\u00bbLigne\u00a0\u00bb][et_pb_column type=\u00a0\u00bb4_4&Prime;][et_pb_divider admin_label=\u00a0\u00bbS\u00e9parateur\u00a0\u00bb color=\u00a0\u00bb#ffffff\u00a0\u00bb show_divider=\u00a0\u00bboff\u00a0\u00bb height=\u00a0\u00bb40&Prime; divider_style=\u00a0\u00bbsolid\u00a0\u00bb divider_position=\u00a0\u00bbtop\u00a0\u00bb divider_weight=\u00a0\u00bb1&Prime; hide_on_mobile=\u00a0\u00bbon\u00a0\u00bb] [\/et_pb_divider][\/et_pb_column][\/et_pb_row][et_pb_row admin_label=\u00a0\u00bbLigne\u00a0\u00bb][et_pb_column type=\u00a0\u00bb1_2&Prime;][et_pb_divider admin_label=\u00a0\u00bbS\u00e9parateur\u00a0\u00bb color=\u00a0\u00bb#ffffff\u00a0\u00bb show_divider=\u00a0\u00bboff\u00a0\u00bb height=\u00a0\u00bb350&Prime; divider_style=\u00a0\u00bbsolid\u00a0\u00bb divider_position=\u00a0\u00bbtop\u00a0\u00bb divider_weight=\u00a0\u00bb1&Prime; hide_on_mobile=\u00a0\u00bbon\u00a0\u00bb] [\/et_pb_divider][et_pb_testimonial admin_label=\u00a0\u00bbT\u00e9moignage\u00a0\u00bb url_new_window=\u00a0\u00bboff\u00a0\u00bb quote_icon=\u00a0\u00bboff\u00a0\u00bb use_background_color=\u00a0\u00bbon\u00a0\u00bb background_color=\u00a0\u00bbrgba(255,180,0,0.85)\u00a0\u00bb background_layout=\u00a0\u00bblight\u00a0\u00bb text_orientation=\u00a0\u00bbleft\u00a0\u00bb portrait_border_radius=\u00a0\u00bb90&Prime; portrait_width=\u00a0\u00bb90&Prime; portrait_height=\u00a0\u00bb90&Prime; body_font_size=\u00a0\u00bb14&Prime; use_border_color=\u00a0\u00bboff\u00a0\u00bb border_color=\u00a0\u00bb#ffffff\u00a0\u00bb border_style=\u00a0\u00bbsolid\u00a0\u00bb module_class=\u00a0\u00bbtemoignage\u00a0\u00bb] <span style=\"color: #000000;\">\u00ab\u00a0Le musicien embarque son public depuis la naissance du petit \u00e9l\u00e9phant au costume vert jusqu&rsquo;\u00e0 son couronnement et son mariage. Les enfants adorent. De nombreux th\u00e8mes sont \u00e9voqu\u00e9s, la nature, les animaux, mais aussi la maladie, la mort, l&rsquo;amiti\u00e9, l&rsquo;amour, la vie quoi ! Petits et grands s&rsquo;y retrouvent.\u00a0\u00bb<\/span> <span style=\"color: #000000;\"><strong><em>Midi Libre<\/em>, f\u00e9vrier 2012<\/strong><\/span> [\/et_pb_testimonial][\/et_pb_column][et_pb_column type=\u00a0\u00bb1_2&Prime;][et_pb_text admin_label=\u00a0\u00bbTexte d&rsquo;introduction\u00a0\u00bb background_layout=\u00a0\u00bblight\u00a0\u00bb text_orientation=\u00a0\u00bbjustified\u00a0\u00bb use_border_color=\u00a0\u00bboff\u00a0\u00bb border_color=\u00a0\u00bb#ffffff\u00a0\u00bb border_style=\u00a0\u00bbsolid\u00a0\u00bb background_color=\u00a0\u00bbrgba(173,173,173,0.84)\u00a0\u00bb]<\/p>\n<h3><span style=\"color: #000000;\"><strong>Bastien Crocq, pianiste et r\u00e9citant<\/strong><\/span><\/h3>\n<p><span style=\"color: #000000;\">L&rsquo; \u00ab\u00a0Histoire de Babar, le petit \u00e9l\u00e9phant\u00a0\u00bb,\u00a0 est une \u0153uvre de Francis Poulenc compos\u00e9e d&rsquo;apr\u00e8s le livre de Jean de Brunhoff, qui fait alterner des s\u00e9quences de r\u00e9cit et de piano. La musique est un chef-d&rsquo;oeuvre d&rsquo;invention, de concision et d&rsquo;humour. Cette \u0153uvre de 25 minutes a \u00e9t\u00e9 con\u00e7ue pour les enfants ; les s\u00e9quences sont courtes, rythm\u00e9es. Les caract\u00e8res po\u00e9tiques, dr\u00f4les, furieux, enjou\u00e9s, m\u00e9lancoliques alternent avec justesse. Les images du livre (illustr\u00e9 par Laurent de Brunhoff) peuvent \u00eatre projet\u00e9es pendant le spectacle. L&rsquo;oeuvre est suivie d&rsquo;un \u00e9change avec les enfants qui ne manquent pas de poser des questions ou de vouloir r\u00e9entendre un passage qui les a touch\u00e9s.<\/span> <span style=\"color: #000000;\"> POUR LES 3-8 ANS,\u00a0leurs grands fr\u00e8res et soeurs, parents, grands-parents et arri\u00e8re-grands-parents.<\/span><\/p>\n<p>[\/et_pb_text][\/et_pb_column][\/et_pb_row][et_pb_row admin_label=\u00a0\u00bbLigne\u00a0\u00bb][et_pb_column type=\u00a0\u00bb1_2&Prime;][et_pb_text admin_label=\u00a0\u00bbTexte\u00a0\u00bb background_layout=\u00a0\u00bblight\u00a0\u00bb text_orientation=\u00a0\u00bbleft\u00a0\u00bb text_font_size=\u00a0\u00bb14&Prime; use_border_color=\u00a0\u00bboff\u00a0\u00bb border_color=\u00a0\u00bb#ffffff\u00a0\u00bb border_style=\u00a0\u00bbsolid\u00a0\u00bb background_color=\u00a0\u00bbrgba(255,255,255,0.83)\u00a0\u00bb] FICHE TECHNIQUE: Dur\u00e9e : animation de 45 minutes Sonorisation : 1 piste micro maximum (en fonction de la taille de la salle) Accessoires : piano \u00e0 queue ; \u00e9cran et vid\u00e9o-projecteur (facultatifs) [\/et_pb_text][\/et_pb_column][et_pb_column type=\u00a0\u00bb1_2&Prime;][et_pb_text admin_label=\u00a0\u00bbVIDEO titre\u00a0\u00bb background_layout=\u00a0\u00bbdark\u00a0\u00bb text_orientation=\u00a0\u00bbleft\u00a0\u00bb text_font_size=\u00a0\u00bb14&Prime; use_border_color=\u00a0\u00bboff\u00a0\u00bb border_color=\u00a0\u00bb#ffffff\u00a0\u00bb border_style=\u00a0\u00bbsolid\u00a0\u00bb module_class=\u00a0\u00bbgd_titre\u00a0\u00bb] <span style=\"color: #ffb400;\">VIDEO<\/span> [\/et_pb_text][et_pb_text admin_label=\u00a0\u00bbVIDEO playlist\u00a0\u00bb background_layout=\u00a0\u00bblight\u00a0\u00bb text_orientation=\u00a0\u00bbleft\u00a0\u00bb text_font_size=\u00a0\u00bb14&Prime; use_border_color=\u00a0\u00bbon\u00a0\u00bb border_color=\u00a0\u00bb#ffb400&Prime; border_style=\u00a0\u00bbsolid\u00a0\u00bb background_color=\u00a0\u00bb#000000&Prime;]<\/p>\n<!--[if lt IE 9]><script>document.createElement('video');<\/script><![endif]-->\n\t<div class=\"wp-playlist wp-video-playlist wp-playlist-light\">\n\t\t<video controls=\"controls\" preload=\"none\" width=\"1058\"\n\t\t height=\"595\"\t><\/video>\n\t<div class=\"wp-playlist-next\"><\/div>\n\t<div class=\"wp-playlist-prev\"><\/div>\n\t<noscript>\n\t<ol>\n\t\t<li><a href='http:\/\/www.bastiencrocq.com\/site\/wp-content\/uploads\/2016\/01\/babar2.mp4'>babar - court<\/a><\/li><li><a href='http:\/\/www.bastiencrocq.com\/site\/wp-content\/uploads\/2016\/01\/babar.mp4'>babar - long<\/a><\/li>\t<\/ol>\n\t<\/noscript>\n\t<script type=\"application\/json\" class=\"wp-playlist-script\">{\"type\":\"video\",\"tracklist\":true,\"tracknumbers\":true,\"images\":false,\"artists\":true,\"tracks\":[{\"src\":\"http:\\\/\\\/www.bastiencrocq.com\\\/site\\\/wp-content\\\/uploads\\\/2016\\\/01\\\/babar2.mp4\",\"type\":\"video\\\/mp4\",\"title\":\"babar - court\",\"caption\":\"\",\"description\":\"\",\"meta\":{\"length_formatted\":\"1:54\"},\"dimensions\":{\"original\":{\"width\":480,\"height\":270},\"resized\":{\"width\":1058,\"height\":595}},\"image\":{\"src\":\"http:\\\/\\\/www.bastiencrocq.com\\\/site\\\/wp-includes\\\/images\\\/media\\\/video.svg\",\"width\":48,\"height\":64},\"thumb\":{\"src\":\"http:\\\/\\\/www.bastiencrocq.com\\\/site\\\/wp-includes\\\/images\\\/media\\\/video.svg\",\"width\":48,\"height\":64}},{\"src\":\"http:\\\/\\\/www.bastiencrocq.com\\\/site\\\/wp-content\\\/uploads\\\/2016\\\/01\\\/babar.mp4\",\"type\":\"video\\\/mp4\",\"title\":\"babar - long\",\"caption\":\"\",\"description\":\"\",\"meta\":{\"length_formatted\":\"6:14\"},\"dimensions\":{\"original\":{\"width\":480,\"height\":270},\"resized\":{\"width\":1058,\"height\":595}},\"image\":{\"src\":\"http:\\\/\\\/www.bastiencrocq.com\\\/site\\\/wp-includes\\\/images\\\/media\\\/video.svg\",\"width\":48,\"height\":64},\"thumb\":{\"src\":\"http:\\\/\\\/www.bastiencrocq.com\\\/site\\\/wp-includes\\\/images\\\/media\\\/video.svg\",\"width\":48,\"height\":64}}]}<\/script>\n<\/div>\n\t\n<p>[\/et_pb_text][\/et_pb_column][\/et_pb_row][\/et_pb_section]<\/p>\n","protected":false},"excerpt":{"rendered":"<p>\u00ab\u00a0Le musicien embarque son public depuis la naissance du petit \u00e9l\u00e9phant au costume vert jusqu&rsquo;\u00e0 son couronnement et son mariage. Les enfants adorent. De nombreux th\u00e8mes sont \u00e9voqu\u00e9s, la nature, les animaux, mais aussi la maladie, la mort, l&rsquo;amiti\u00e9, l&rsquo;amour, la vie quoi ! Petits et grands s&rsquo;y retrouvent.\u00a0\u00bb Midi Libre, f\u00e9vrier 2012 Bastien Crocq, [&hellip;]<\/p>\n","protected":false},"author":1,"featured_media":0,"parent":0,"menu_order":0,"comment_status":"closed","ping_status":"closed","template":"","meta":{"_et_pb_use_builder":"on","_et_pb_old_content":"","_et_gb_content_width":"","footnotes":""},"class_list":["post-183","page","type-page","status-publish","hentry"],"_links":{"self":[{"href":"http:\/\/www.bastiencrocq.com\/site\/wp-json\/wp\/v2\/pages\/183","targetHints":{"allow":["GET"]}}],"collection":[{"href":"http:\/\/www.bastiencrocq.com\/site\/wp-json\/wp\/v2\/pages"}],"about":[{"href":"http:\/\/www.bastiencrocq.com\/site\/wp-json\/wp\/v2\/types\/page"}],"author":[{"embeddable":true,"href":"http:\/\/www.bastiencrocq.com\/site\/wp-json\/wp\/v2\/users\/1"}],"replies":[{"embeddable":true,"href":"http:\/\/www.bastiencrocq.com\/site\/wp-json\/wp\/v2\/comments?post=183"}],"version-history":[{"count":25,"href":"http:\/\/www.bastiencrocq.com\/site\/wp-json\/wp\/v2\/pages\/183\/revisions"}],"predecessor-version":[{"id":633,"href":"http:\/\/www.bastiencrocq.com\/site\/wp-json\/wp\/v2\/pages\/183\/revisions\/633"}],"wp:attachment":[{"href":"http:\/\/www.bastiencrocq.com\/site\/wp-json\/wp\/v2\/media?parent=183"}],"curies":[{"name":"wp","href":"https:\/\/api.w.org\/{rel}","templated":true}]}}