{"id":247,"date":"2016-01-08T03:57:49","date_gmt":"2016-01-08T02:57:49","guid":{"rendered":"http:\/\/www.bastiencrocq.com\/site\/?page_id=247"},"modified":"2023-09-07T09:12:09","modified_gmt":"2023-09-07T08:12:09","slug":"loup-bleu","status":"publish","type":"page","link":"http:\/\/www.bastiencrocq.com\/site\/loup-bleu\/","title":{"rendered":"LOUP BLEU"},"content":{"rendered":"<p>[et_pb_section admin_label=\u00a0\u00bbsection\u00a0\u00bb background_image=\u00a0\u00bbhttp:\/\/www.bastiencrocq.com\/site\/wp-content\/uploads\/2016\/01\/loup_bleu_fd.jpg\u00a0\u00bb transparent_background=\u00a0\u00bboff\u00a0\u00bb allow_player_pause=\u00a0\u00bboff\u00a0\u00bb inner_shadow=\u00a0\u00bboff\u00a0\u00bb parallax=\u00a0\u00bbon\u00a0\u00bb parallax_method=\u00a0\u00bbon\u00a0\u00bb padding_mobile=\u00a0\u00bboff\u00a0\u00bb make_fullwidth=\u00a0\u00bboff\u00a0\u00bb use_custom_width=\u00a0\u00bboff\u00a0\u00bb width_unit=\u00a0\u00bbon\u00a0\u00bb make_equal=\u00a0\u00bboff\u00a0\u00bb use_custom_gutter=\u00a0\u00bboff\u00a0\u00bb gutter_width=\u00a0\u00bb3&Prime;][et_pb_row admin_label=\u00a0\u00bbrow\u00a0\u00bb][et_pb_column type=\u00a0\u00bb4_4&Prime;][et_pb_text admin_label=\u00a0\u00bbTexte\u00a0\u00bb background_layout=\u00a0\u00bbdark\u00a0\u00bb text_orientation=\u00a0\u00bbcenter\u00a0\u00bb text_font_size=\u00a0\u00bb14&Prime; use_border_color=\u00a0\u00bboff\u00a0\u00bb border_color=\u00a0\u00bb#ffffff\u00a0\u00bb border_style=\u00a0\u00bbsolid\u00a0\u00bb]<\/p>\n<h1>LE\u00a0 LOUP BLEU<\/h1>\n<p>[\/et_pb_text][\/et_pb_column][\/et_pb_row][et_pb_row admin_label=\u00a0\u00bbLigne\u00a0\u00bb][et_pb_column type=\u00a0\u00bb1_3&Prime;][et_pb_text admin_label=\u00a0\u00bbmanoli\u00a0\u00bb background_layout=\u00a0\u00bblight\u00a0\u00bb text_orientation=\u00a0\u00bbjustified\u00a0\u00bb text_font_size=\u00a0\u00bb14&Prime; use_border_color=\u00a0\u00bboff\u00a0\u00bb border_color=\u00a0\u00bb#ffffff\u00a0\u00bb border_style=\u00a0\u00bbsolid\u00a0\u00bb]<\/p>\n<h4>\u00ab\u00a0Incroyable et inoubliable concert de Bastien Crocq hier soir!<br \/>\nDans la salle d&rsquo;accueil du mus\u00e9e, devant un mur blanc, Bastien Crocq nous raconte l&rsquo;\u00e9pop\u00e9e du peuple Mongol avant de s&rsquo;installer devant ses percussions pour nous redire avec sa musique et son corps cette histoire dans une oeuvre originale de six pi\u00e8ces intitul\u00e9e Le Loup bleu. La musique profond\u00e9ment intense d\u00e9chire l&rsquo;air, les gestes d&rsquo;une \u00e9nergie folle s&rsquo;encha\u00eenent et les notes, les roulements se font de plus en plus puissants et enivrants. Des images de steppes, de loups et de grandes \u00e9chapp\u00e9es \u00e0 cheval surgissent. Quand la musique se tait, quand les ombres disparaissent, le public a presque envie de se lever et de danser. Une exp\u00e9rience magique !\u00a0\u00bb<br \/>\n<em>Manoli<\/em><\/h4>\n<p>[\/et_pb_text][\/et_pb_column][et_pb_column type=\u00a0\u00bb2_3&Prime;][et_pb_video admin_label=\u00a0\u00bbVid\u00e9o\u00a0\u00bb src=\u00a0\u00bbhttps:\/\/www.youtube.com\/watch?v=ChGbxs-dmxw\u00a0\u00bb] [\/et_pb_video][\/et_pb_column][\/et_pb_row][et_pb_row admin_label=\u00a0\u00bbLigne\u00a0\u00bb][et_pb_column type=\u00a0\u00bb1_3&Prime;][et_pb_text admin_label=\u00a0\u00bbfiche technique\u00a0\u00bb background_layout=\u00a0\u00bblight\u00a0\u00bb text_orientation=\u00a0\u00bbleft\u00a0\u00bb use_border_color=\u00a0\u00bboff\u00a0\u00bb border_color=\u00a0\u00bb#ffffff\u00a0\u00bb border_style=\u00a0\u00bbsolid\u00a0\u00bb]<\/p>\n<h4><span style=\"color: #ffb400;\">FICHE TECHNIQUE:<\/span><br \/>\n<span style=\"color: #ffb400;\">Dur\u00e9e :\u00a01h<\/span><br \/>\n<span style=\"color: #ffb400;\">Sonorisation :\u00a0une piste micro<\/span><br \/>\n<span style=\"color: #ffb400;\">Eclairage : jeu de projecteurs<\/span><br \/>\n<span style=\"color: #ffb400;\">Sc\u00e8ne : 2 x 2m minimum<\/span><\/h4>\n<p>[\/et_pb_text][et_pb_audio admin_label=\u00a0\u00bbAudio\u00a0\u00bb audio=\u00a0\u00bbhttp:\/\/www.bastiencrocq.com\/site\/wp-content\/uploads\/2016\/01\/Interview-partie-Loup-bleu-Somm\u00e8res.mp3&Prime; title=\u00a0\u00bbLe Loup bleu Radio Sommi\u00e8res Juillet 2020&Prime; image_url=\u00a0\u00bbhttp:\/\/www.bastiencrocq.com\/site\/wp-content\/uploads\/2017\/02\/LOGO_RADIO.png\u00a0\u00bb background_layout=\u00a0\u00bbdark\u00a0\u00bb use_border_color=\u00a0\u00bboff\u00a0\u00bb border_color=\u00a0\u00bb#ffffff\u00a0\u00bb border_style=\u00a0\u00bbsolid\u00a0\u00bb] [\/et_pb_audio][\/et_pb_column][et_pb_column type=\u00a0\u00bb2_3&Prime;][et_pb_text admin_label=\u00a0\u00bbTexte\u00a0\u00bb background_layout=\u00a0\u00bblight\u00a0\u00bb text_orientation=\u00a0\u00bbjustified\u00a0\u00bb use_border_color=\u00a0\u00bboff\u00a0\u00bb border_color=\u00a0\u00bb#ffffff\u00a0\u00bb border_style=\u00a0\u00bbsolid\u00a0\u00bb]<\/p>\n<h3 style=\"text-align: center;\">CONTE et BATTERIE SOLO<\/h3>\n<p style=\"text-align: center;\"><strong>Une \u00e9pop\u00e9e mongole, cont\u00e9e et mise en musique par Bastien Crocq<\/strong><\/p>\n<p>Au XIIe si\u00e8cle, le chef d\u2019un clan de chasseurs et de bergers nomadisant sur les hauts plateaux Mongols est assassin\u00e9 par ses ennemis. Sa famille est rejet\u00e9e, son fils a\u00een\u00e9, Tem\u00fcdjin, traqu\u00e9 comme une menace par son clan.<\/p>\n<p>Quel secret donnera-t-il \u00e0 Tem\u00fcdjin la force de reconqu\u00e9rir sa place de chef ? Parvenu \u00e0\u00a0rassembler tous les peuples de la steppe, il deviendra\u00a0l\u2019homme le plus puissant de tous les temps.<\/p>\n<p>Les cymbales et les f\u00fbts de la batterie chuchotent, caressent, s\u2019enflent, chantent, nous hypnotisent, et se m\u00ealent \u00e0 la voix du conteur pour nous entra\u00eener \u00e0 travers le temps et l\u2019espace.<\/p>\n<p>Public ado adulte, enfants \u00e0 partir de 10 ans.<\/p>\n<p>[\/et_pb_text][\/et_pb_column][\/et_pb_row][et_pb_row admin_label=\u00a0\u00bbLigne\u00a0\u00bb][et_pb_column type=\u00a0\u00bb2_3&Prime;][et_pb_gallery admin_label=\u00a0\u00bbGalerie\u00a0\u00bb gallery_ids=\u00a0\u00bb719,735,734,752,733,753&Prime; fullwidth=\u00a0\u00bbon\u00a0\u00bb orientation=\u00a0\u00bblandscape\u00a0\u00bb show_title_and_caption=\u00a0\u00bbon\u00a0\u00bb show_pagination=\u00a0\u00bbon\u00a0\u00bb background_layout=\u00a0\u00bblight\u00a0\u00bb auto=\u00a0\u00bbon\u00a0\u00bb hover_overlay_color=\u00a0\u00bbrgba(255,255,255,0.9)\u00a0\u00bb use_border_color=\u00a0\u00bboff\u00a0\u00bb border_color=\u00a0\u00bb#ffffff\u00a0\u00bb border_style=\u00a0\u00bbsolid\u00a0\u00bb auto_speed=\u00a0\u00bb3000&Prime;] [\/et_pb_gallery][\/et_pb_column][et_pb_column type=\u00a0\u00bb1_3&Prime;][et_pb_text admin_label=\u00a0\u00bbTexte\u00a0\u00bb background_layout=\u00a0\u00bblight\u00a0\u00bb text_orientation=\u00a0\u00bbleft\u00a0\u00bb use_border_color=\u00a0\u00bboff\u00a0\u00bb border_color=\u00a0\u00bb#ffffff\u00a0\u00bb border_style=\u00a0\u00bbsolid\u00a0\u00bb]<\/p>\n<p>En compagnie du dresseur et cavalier Lo\u00efc Godec et de l&rsquo;\u00e9talon portuguais N\u00e9bula, de la troupe du M\u00e9nil Saint-Michel, pour une version associant conte, batterie solo et art \u00e9questre. Fiche technique sur demande.<\/p>\n<p>[\/et_pb_text][\/et_pb_column][\/et_pb_row][et_pb_row admin_label=\u00a0\u00bbLigne\u00a0\u00bb][et_pb_column type=\u00a0\u00bb2_3&Prime;][et_pb_video_slider admin_label=\u00a0\u00bbCurseur de d\u00e9filement vid\u00e9o (galerie video)\u00a0\u00bb show_image_overlay=\u00a0\u00bbhide\u00a0\u00bb show_arrows=\u00a0\u00bbon\u00a0\u00bb show_thumbnails=\u00a0\u00bbon\u00a0\u00bb controls_color=\u00a0\u00bblight\u00a0\u00bb custom_css_main_element=\u00a0\u00bbbackground-color: #000 !important;||border: 1px solid #ffb400 !important;\u00a0\u00bb saved_tabs=\u00a0\u00bball\u00a0\u00bb] [et_pb_video_slider_item src=\u00a0\u00bbhttps:\/\/youtu.be\/9Vasdgq2CZ4&Prime; background_layout=\u00a0\u00bbdark\u00a0\u00bb admin_title=\u00a0\u00bbloup bleu youtube\u00a0\u00bb] [\/et_pb_video_slider_item] [\/et_pb_video_slider][\/et_pb_column][et_pb_column type=\u00a0\u00bb1_3&Prime;][\/et_pb_column][\/et_pb_row][\/et_pb_section]<\/p>\n","protected":false},"excerpt":{"rendered":"<p>LE\u00a0 LOUP BLEU \u00ab\u00a0Incroyable et inoubliable concert de Bastien Crocq hier soir! Dans la salle d&rsquo;accueil du mus\u00e9e, devant un mur blanc, Bastien Crocq nous raconte l&rsquo;\u00e9pop\u00e9e du peuple Mongol avant de s&rsquo;installer devant ses percussions pour nous redire avec sa musique et son corps cette histoire dans une oeuvre originale de six pi\u00e8ces intitul\u00e9e [&hellip;]<\/p>\n","protected":false},"author":1,"featured_media":0,"parent":0,"menu_order":0,"comment_status":"closed","ping_status":"closed","template":"","meta":{"_et_pb_use_builder":"on","_et_pb_old_content":"","_et_gb_content_width":"","footnotes":""},"class_list":["post-247","page","type-page","status-publish","hentry"],"_links":{"self":[{"href":"http:\/\/www.bastiencrocq.com\/site\/wp-json\/wp\/v2\/pages\/247","targetHints":{"allow":["GET"]}}],"collection":[{"href":"http:\/\/www.bastiencrocq.com\/site\/wp-json\/wp\/v2\/pages"}],"about":[{"href":"http:\/\/www.bastiencrocq.com\/site\/wp-json\/wp\/v2\/types\/page"}],"author":[{"embeddable":true,"href":"http:\/\/www.bastiencrocq.com\/site\/wp-json\/wp\/v2\/users\/1"}],"replies":[{"embeddable":true,"href":"http:\/\/www.bastiencrocq.com\/site\/wp-json\/wp\/v2\/comments?post=247"}],"version-history":[{"count":48,"href":"http:\/\/www.bastiencrocq.com\/site\/wp-json\/wp\/v2\/pages\/247\/revisions"}],"predecessor-version":[{"id":779,"href":"http:\/\/www.bastiencrocq.com\/site\/wp-json\/wp\/v2\/pages\/247\/revisions\/779"}],"wp:attachment":[{"href":"http:\/\/www.bastiencrocq.com\/site\/wp-json\/wp\/v2\/media?parent=247"}],"curies":[{"name":"wp","href":"https:\/\/api.w.org\/{rel}","templated":true}]}}